{"id":3052,"date":"2023-03-31T11:34:48","date_gmt":"2023-03-31T09:34:48","guid":{"rendered":"https:\/\/www.errepibs.it\/?page_id=3052"},"modified":"2025-10-28T11:22:41","modified_gmt":"2025-10-28T10:22:41","slug":"stampaggio-lamiera-a-freddo-brescia-italia","status":"publish","type":"page","link":"https:\/\/www.errepibs.it\/deutsch\/stampaggio-lamiera-a-freddo-brescia-italia\/","title":{"rendered":"STANZEN VON BLECH"},"content":{"rendered":"<div data-colibri-id=\"3052-c1\" class=\"style-1083 style-local-3052-c1 position-relative\">\n  <!---->\n  <div data-colibri-component=\"section\" data-colibri-id=\"3052-c2\" id=\"officina-meccanica\" class=\"h-section h-section-global-spacing d-flex align-items-lg-center align-items-md-center align-items-center style-1084 style-local-3052-c2 position-relative\">\n    <!---->\n    <!---->\n    <div class=\"h-section-grid-container h-section-boxed-container\">\n      <!---->\n      <div data-colibri-id=\"3052-c3\" class=\"h-row-container gutters-row-lg-0 gutters-row-md-0 gutters-row-0 gutters-row-v-lg-0 gutters-row-v-md-0 gutters-row-v-0 style-1085 style-local-3052-c3 position-relative\">\n        <!---->\n        <div class=\"h-row justify-content-lg-center justify-content-md-center justify-content-center align-items-lg-stretch align-items-md-stretch align-items-stretch gutters-col-lg-0 gutters-col-md-0 gutters-col-0 gutters-col-v-lg-0 gutters-col-v-md-0 gutters-col-v-0\">\n          <!---->\n          <div class=\"h-column h-column-container d-flex h-col-lg-auto h-col-md-auto h-col-auto style-1086-outer style-local-3052-c4-outer\">\n            <div data-colibri-id=\"3052-c4\" class=\"d-flex h-flex-basis h-column__inner h-px-lg-0 h-px-md-0 h-px-0 v-inner-lg-0 v-inner-md-0 v-inner-0 style-1086 style-local-3052-c4 position-relative\">\n              <!---->\n              <!---->\n              <div class=\"w-100 h-y-container h-column__content h-column__v-align flex-basis-100 align-self-lg-start align-self-md-start align-self-start\">\n                <!---->\n                <div data-colibri-id=\"3052-c5\" class=\"h-text h-text-component style-1087 style-local-3052-c5 position-relative h-element\">\n                  <!---->\n                  <!---->\n                  <div class=\"\">\n                    <p class=\"translation-block\">STANZEN VON<br> BLECH<\/p>\n                  <\/div>\n                <\/div>\n                <div data-colibri-id=\"3052-c6\" class=\"h-global-transition-all h-heading style-1088 style-local-3052-c6 position-relative h-element\">\n                  <!---->\n                  <div class=\"h-heading__outer style-1088 style-local-3052-c6\">\n                    <!---->\n                    <!---->\n                    <h1 class=\"\">Kaltes Blechstanzen<\/h1>\n                  <\/div>\n                <\/div>\n                <div data-colibri-id=\"3052-c7\" class=\"h-icon style-1089 style-local-3052-c7 position-relative h-element\">\n                  <!----><span class=\"h-svg-icon h-icon__icon style-1089-icon style-local-3052-c7-icon\"><!--Icon by Icons8 Line Awesome (https:\/\/icons8.com\/line-awesome)--><svg version=\"1.1\" xmlns=\"http:\/\/www.w3.org\/2000\/svg\" xmlns:xlink=\"http:\/\/www.w3.org\/1999\/xlink\" id=\"angle-down\" viewbox=\"0 0 512 545.5\"><path d=\"M67.5 204.5L256 393l188.5-188.5 23 23-200 200-11.5 11-11.5-11-200-200z\"><\/path><\/svg><\/span><\/div>\n              <\/div>\n            <\/div>\n          <\/div>\n        <\/div>\n      <\/div>\n    <\/div>\n  <\/div>\n  <div data-colibri-component=\"section\" data-colibri-id=\"3052-c8\" id=\"testo-azienda\" class=\"h-section h-section-global-spacing d-flex align-items-lg-center align-items-md-center align-items-center style-1090 style-local-3052-c8 position-relative\">\n    <!---->\n    <!---->\n    <div class=\"h-section-grid-container h-section-boxed-container\">\n      <!---->\n      <div data-colibri-id=\"3052-c9\" class=\"h-row-container gutters-row-lg-2 gutters-row-md-2 gutters-row-0 gutters-row-v-lg-2 gutters-row-v-md-2 gutters-row-v-2 style-1091 style-local-3052-c9 position-relative\">\n        <!---->\n        <div class=\"h-row justify-content-lg-center justify-content-md-center justify-content-center align-items-lg-stretch align-items-md-stretch align-items-stretch gutters-col-lg-2 gutters-col-md-2 gutters-col-0 gutters-col-v-lg-2 gutters-col-v-md-2 gutters-col-v-2\">\n          <!---->\n          <div class=\"h-column h-column-container d-flex h-col-lg-auto h-col-md-auto h-col-auto style-1092-outer style-local-3052-c10-outer\">\n            <div data-colibri-id=\"3052-c10\" class=\"d-flex h-flex-basis h-column__inner h-px-lg-2 h-px-md-2 h-px-2 v-inner-lg-2 v-inner-md-2 v-inner-2 style-1092 style-local-3052-c10 position-relative\">\n              <!---->\n              <!---->\n              <div class=\"w-100 h-y-container h-column__content h-column__v-align flex-basis-100 align-self-lg-start align-self-md-start align-self-start\">\n                <!---->\n                <div data-colibri-id=\"3052-c11\" class=\"h-global-transition-all h-heading style-1093 style-local-3052-c11 position-relative h-element\">\n                  <!---->\n                  <div class=\"h-heading__outer style-1093 style-local-3052-c11\">\n                    <!---->\n                    <!---->\n                    <h1 class=\"translation-block\">Obwohl wir mit mechanischen Pressen arbeiten, k\u00f6nnen wir das Tiefziehen von Teilen problemlos durchf\u00fchren.<br><br>\nDer Bau von Tiefziehwerkzeugen wird von Subunternehmern \u00fcbernommen, die seit vielen Jahren mit uns zusammenarbeiten und eine solide Erfahrung erworben haben.<br><br>\nIn der Stanzabteilung verf\u00fcgen wir \u00fcber eine Reihe von Mehrfach-Gewindeschneidmaschinen, die bis zu 50 L\u00f6cher gleichzeitig schneiden k\u00f6nnen, sowie \u00fcber eine kleine Montagelinie.<\/h1>\n                  <\/div>\n                <\/div>\n              <\/div>\n            <\/div>\n          <\/div>\n        <\/div>\n      <\/div>\n    <\/div>\n  <\/div>\n  <div data-colibri-component=\"section\" data-colibri-id=\"3052-c16\" id=\"testo-servizio-preciso\" class=\"h-section h-section-global-spacing d-flex align-items-lg-center align-items-md-center align-items-center style-1098 style-local-3052-c16 position-relative\">\n    <!---->\n    <!---->\n    <div class=\"h-section-grid-container h-section-boxed-container\">\n      <!---->\n      <div data-colibri-id=\"3052-c17\" class=\"h-row-container gutters-row-lg-2 gutters-row-md-2 gutters-row-0 gutters-row-v-lg-2 gutters-row-v-md-2 gutters-row-v-2 style-1099 style-local-3052-c17 position-relative\">\n        <!---->\n        <div class=\"h-row justify-content-lg-center justify-content-md-center justify-content-center align-items-lg-stretch align-items-md-stretch align-items-stretch gutters-col-lg-2 gutters-col-md-2 gutters-col-0 gutters-col-v-lg-2 gutters-col-v-md-2 gutters-col-v-2\">\n          <!---->\n          <div class=\"h-column h-column-container d-flex h-col-lg-auto h-col-md-auto h-col-auto style-1100-outer style-local-3052-c18-outer\">\n            <div data-colibri-id=\"3052-c18\" class=\"d-flex h-flex-basis h-column__inner h-px-lg-2 h-px-md-2 h-px-2 v-inner-lg-2 v-inner-md-2 v-inner-2 style-1100 style-local-3052-c18 position-relative\">\n              <!---->\n              <!---->\n              <div class=\"w-100 h-y-container h-column__content h-column__v-align flex-basis-100 align-self-lg-start align-self-md-start align-self-start\">\n                <!---->\n                <div data-colibri-id=\"3052-c19\" class=\"h-global-transition-all h-heading style-1101 style-local-3052-c19 position-relative h-element\">\n                  <!---->\n                  <div class=\"h-heading__outer style-1101 style-local-3052-c19\">\n                    <!---->\n                    <!---->\n                    <h1 class=\"\">dallo stampaggio di lamierA A FREDDO offriamo ai clienti una vasta gamma di prodotti in metallo dalle forme pi\u00f9 complesse e precise.<\/h1>\n                  <\/div>\n                <\/div>\n              <\/div>\n            <\/div>\n          <\/div>\n        <\/div>\n      <\/div>\n    <\/div>\n  <\/div>\n  <div data-colibri-component=\"section\" data-colibri-id=\"3052-c24\" id=\"preventivo\" class=\"h-section h-section-global-spacing d-flex align-items-lg-center align-items-md-center align-items-center style-1120 style-local-3052-c24 position-relative\">\n    <!---->\n    <!---->\n    <div class=\"h-section-grid-container h-section-fluid-container\">\n      <!---->\n      <div data-colibri-id=\"3052-c25\" class=\"h-row-container gutters-row-lg-2 gutters-row-md-2 gutters-row-0 gutters-row-v-lg-2 gutters-row-v-md-2 gutters-row-v-2 style-1121 style-local-3052-c25 position-relative\">\n        <!---->\n        <div class=\"h-row justify-content-lg-center justify-content-md-center justify-content-center align-items-lg-stretch align-items-md-stretch align-items-stretch gutters-col-lg-2 gutters-col-md-2 gutters-col-0 gutters-col-v-lg-2 gutters-col-v-md-2 gutters-col-v-2\">\n          <!---->\n          <div class=\"h-column h-column-container d-flex h-col-lg-auto h-col-md-auto h-col-auto style-1122-outer style-local-3052-c26-outer\">\n            <div data-colibri-id=\"3052-c26\" class=\"d-flex h-flex-basis h-column__inner h-px-lg-2 h-px-md-2 h-px-2 v-inner-lg-2 v-inner-md-2 v-inner-2 style-1122 style-local-3052-c26 position-relative\">\n              <!---->\n              <!---->\n              <div class=\"w-100 h-y-container h-column__content h-column__v-align flex-basis-100 align-self-lg-start align-self-md-start align-self-start\">\n                <!---->\n                <div data-colibri-component=\"content-swap\" data-colibri-id=\"3052-c27\" class=\"content-swap style-1123 style-local-3052-c27 position-relative h-element\">\n                  <!---->\n                  <div class=\"d-flex position-relative border-radius-inherit h-content-swap__overflow\">\n                    <div data-normal=\"\" data-colibri-id=\"3052-c28\" class=\"h-content-swap__normal d-flex border-radius-inherit hide-animation style-1124 style-local-3052-c28 position-relative\">\n                      <!---->\n                      <div class=\"w-100 h-y-container align-self-lg-center align-self-md-center align-self-center\">\n                        <!---->\n                        <div data-colibri-id=\"3052-c29\" class=\"h-row-container gutters-row-lg-2 gutters-row-md-2 gutters-row-0 gutters-row-v-lg-2 gutters-row-v-md-2 gutters-row-v-2 style-1125 style-local-3052-c29 position-relative\">\n                          <!---->\n                          <div class=\"h-row justify-content-lg-center justify-content-md-center justify-content-center align-items-lg-stretch align-items-md-stretch align-items-stretch gutters-col-lg-2 gutters-col-md-2 gutters-col-0 gutters-col-v-lg-2 gutters-col-v-md-2 gutters-col-v-2\">\n                            <!---->\n                            <div class=\"h-column h-column-container d-flex h-col-lg-auto h-col-md-auto h-col-auto style-1126-outer style-local-3052-c30-outer\">\n                              <div data-colibri-id=\"3052-c30\" class=\"d-flex h-flex-basis h-column__inner h-px-lg-2 h-px-md-2 h-px-2 v-inner-lg-2 v-inner-md-2 v-inner-2 style-1126 style-local-3052-c30 position-relative\">\n                                <!---->\n                                <!---->\n                                <div class=\"w-100 h-y-container h-column__content h-column__v-align flex-basis-100 align-self-lg-start align-self-md-start align-self-start\">\n                                  <!---->\n                                  <div data-colibri-id=\"3052-c31\" class=\"h-global-transition-all h-heading style-1127 style-local-3052-c31 position-relative h-element\">\n                                    <!---->\n                                    <div class=\"h-heading__outer style-1127 style-local-3052-c31\">\n                                      <!---->\n                                      <!---->\n                                      <h2 class=\"translation-block\">Unser  <br>Expertenteam steht  <br>Ihnen zur Verf\u00fcgung<\/h2>\n                                    <\/div>\n                                  <\/div>\n                                <\/div>\n                              <\/div>\n                            <\/div>\n                          <\/div>\n                        <\/div>\n                      <\/div>\n                    <\/div>\n                    <div data-hover=\"\" data-colibri-component=\"link\" data-href=\"\" data-colibri-id=\"3052-c32\" class=\"h-content-swap-hover-container animated h-content-swap__hover d-flex border-radius-inherit fadeIn justify-content-lg-center justify-content-md-center justify-content-center style-1128 style-local-3052-c32 position-relative\"\n                      style=\"display: none;\">\n                      <!---->\n                      <div class=\"w-100 h-y-container align-self-lg-center align-self-md-center align-self-center\">\n                        <!---->\n                        <div data-colibri-id=\"3052-c33\" class=\"h-x-container style-1129 style-local-3052-c33 position-relative h-element\">\n                          <!---->\n                          <div class=\"h-x-container-inner style-dynamic-3052-c33-group style-1129-spacing style-local-3052-c33-spacing\"><span class=\"h-button__outer style-1130-outer style-local-3052-c34-outer d-inline-flex h-element\"><a h-use-smooth-scroll=\"true\" href=\"https:\/\/www.errepibs.it\/deutsch\/contatti\/\"  data-colibri-id=\"3052-c34\" class=\"d-flex w-100 align-items-center h-button justify-content-lg-center justify-content-md-center justify-content-center style-1130 style-local-3052-c34 position-relative\"><!----><!----> <span>ein Angebot anfordern<\/span><\/a>\n                            <\/span>\n                          <\/div>\n                        <\/div>\n                      <\/div>\n                    <\/div>\n                  <\/div>\n                <\/div>\n              <\/div>\n            <\/div>\n          <\/div>\n        <\/div>\n      <\/div>\n    <\/div>\n  <\/div>\n  <div data-colibri-component=\"section\" data-colibri-id=\"3052-c39\" id=\"footer\" class=\"h-section h-section-global-spacing d-flex align-items-lg-center align-items-md-center align-items-center style-1135 style-local-3052-c39 position-relative\">\n    <!---->\n    <!---->\n    <div class=\"h-section-grid-container h-section-fluid-container\">\n      <!---->\n      <div data-colibri-id=\"3052-c40\" class=\"h-row-container gutters-row-lg-2 gutters-row-md-2 gutters-row-0 gutters-row-v-lg-2 gutters-row-v-md-2 gutters-row-v-2 style-1136 style-local-3052-c40 position-relative\">\n        <!---->\n        <div class=\"h-row justify-content-lg-center justify-content-md-center justify-content-center align-items-lg-stretch align-items-md-stretch align-items-stretch gutters-col-lg-2 gutters-col-md-2 gutters-col-0 gutters-col-v-lg-2 gutters-col-v-md-2 gutters-col-v-2\">\n          <!---->\n          <div class=\"h-column h-column-container d-flex h-col-lg-auto h-col-md-auto h-col-auto style-1137-outer style-local-3052-c41-outer\">\n            <div data-colibri-id=\"3052-c41\" class=\"d-flex h-flex-basis h-column__inner h-ui-empty-state-container h-px-lg-2 h-px-md-2 h-px-2 v-inner-lg-2 v-inner-md-2 v-inner-2 style-1137 style-local-3052-c41 position-relative\">\n              <!---->\n              <!---->\n              <div class=\"w-100 h-y-container h-column__content h-column__v-align flex-basis-100\">\n                <!---->\n              <\/div>\n            <\/div>\n          <\/div>\n          <div class=\"h-column h-column-container d-flex h-col-lg-auto h-col-md-auto h-col-auto style-1138-outer style-local-3052-c42-outer\">\n            <div data-colibri-id=\"3052-c42\" class=\"d-flex h-flex-basis h-column__inner h-px-lg-2 h-px-md-2 h-px-2 v-inner-lg-2 v-inner-md-2 v-inner-2 style-1138 style-local-3052-c42 position-relative\">\n              <!---->\n              <!---->\n              <div class=\"w-100 h-y-container h-column__content h-column__v-align flex-basis-100 align-self-lg-start align-self-md-start align-self-start\">\n                <!---->\n                <div data-colibri-id=\"3052-c43\" class=\"h-global-transition-all h-heading style-1139 style-local-3052-c43 position-relative h-element\">\n                  <!---->\n                  <div class=\"h-heading__outer style-1139 style-local-3052-c43\">\n                    <!---->\n                    <!---->\n                    <h5 class=\"\">LASERSCHNEIDEN\n                      <br>ERRE PI SRL<\/h5>\n                  <\/div>\n                <\/div>\n                <div data-colibri-id=\"3052-c44\" class=\"h-text h-text-component style-1140 style-local-3052-c44 position-relative h-element\">\n                  <!---->\n                  <!---->\n                  <div class=\"\">\n                    <p><span style=\"font-weight: 500; font-size: 16px; font-family: Archivo; color: rgb(255, 255, 255);\">Faserlaserschneiden, Blechschneiden und Kaltstanzen von Blechen.<\/span><\/p>\n                  <\/div>\n                <\/div>\n              <\/div>\n            <\/div>\n          <\/div>\n          <div class=\"h-column h-column-container d-flex h-col-lg-auto h-col-md-auto h-col-auto style-1141-outer style-local-3052-c45-outer\">\n            <div data-colibri-id=\"3052-c45\" class=\"d-flex h-flex-basis h-column__inner h-ui-empty-state-container h-px-lg-2 h-px-md-2 h-px-2 v-inner-lg-2 v-inner-md-2 v-inner-2 style-1141 style-local-3052-c45 position-relative\">\n              <!---->\n              <!---->\n              <div class=\"w-100 h-y-container h-column__content h-column__v-align flex-basis-100\">\n                <!---->\n              <\/div>\n            <\/div>\n          <\/div>\n          <div class=\"h-column h-column-container d-flex h-col-lg-auto h-col-md-auto h-col-auto style-1142-outer style-local-3052-c46-outer\">\n            <div data-colibri-id=\"3052-c46\" class=\"d-flex h-flex-basis h-column__inner h-px-lg-2 h-px-md-2 h-px-2 v-inner-lg-2 v-inner-md-2 v-inner-2 style-1142 style-local-3052-c46 position-relative\">\n              <!---->\n              <!---->\n              <div class=\"w-100 h-y-container h-column__content h-column__v-align flex-basis-100 align-self-lg-start align-self-md-start align-self-start\">\n                <!---->\n                <div data-colibri-id=\"3052-c47\" class=\"h-global-transition-all h-heading style-1139 style-local-3052-c47 position-relative h-element\">\n                  <!---->\n                  <div class=\"h-heading__outer style-1139 style-local-3052-c47\">\n                    <!---->\n                    <!---->\n                    <h5 class=\"\">Blechzuschnitt\n                      <br>STANZEN VON BLECH<\/h5>\n                  <\/div>\n                <\/div>\n                <div data-colibri-id=\"3052-c48\" class=\"h-text h-text-component style-1143 style-local-3052-c48 position-relative h-element\">\n                  <!---->\n                  <!---->\n                  <div class=\"\">\n                    <p>Address  Brescia, 269,<\/p>\n                    <p>25075 Nave BS Italia<\/p>\n                    <p>P.iva: 00361390172<\/p>\n                  <\/div>\n                <\/div>\n              <\/div>\n            <\/div>\n          <\/div>\n          <div class=\"h-column h-column-container d-flex h-col-lg-auto h-col-md-auto h-col-auto style-1144-outer style-local-3052-c49-outer\">\n            <div data-colibri-id=\"3052-c49\" class=\"d-flex h-flex-basis h-column__inner h-px-lg-2 h-px-md-2 h-px-2 v-inner-lg-2 v-inner-md-2 v-inner-2 style-1144 style-local-3052-c49 position-relative\">\n              <!---->\n              <!---->\n              <div class=\"w-100 h-y-container h-column__content h-column__v-align flex-basis-100 align-self-lg-start align-self-md-start align-self-start\">\n                <!---->\n                <div data-colibri-id=\"3052-c50\" class=\"h-global-transition-all h-heading style-1139 style-local-3052-c50 position-relative h-element\">\n                  <!---->\n                  <div class=\"h-heading__outer style-1139 style-local-3052-c50\">\n                    <!---->\n                    <!---->\n                    <h5 class=\"\">Kontact<\/h5>\n                  <\/div>\n                <\/div>\n                <div data-colibri-id=\"3052-c51\" class=\"h-text h-text-component style-1145 style-local-3052-c51 position-relative h-element\">\n                  <!---->\n                  <!---->\n                  <div class=\"\">\n                    <p>Phone: +390302530362<\/p>\n                    <p>Fax: +390302532028<\/p>\n                    <p>Mail: errepibs@errepibs.com\n                      <br>\n                    <\/p>\n                  <\/div>\n                <\/div>\n              <\/div>\n            <\/div>\n          <\/div>\n        <\/div>\n      <\/div>\n    <\/div>\n  <\/div>\n  <div data-colibri-component=\"section\" data-colibri-id=\"3052-c56\" id=\"credits\" class=\"h-section h-section-global-spacing d-flex align-items-lg-center align-items-md-center align-items-center style-1150 style-local-3052-c56 position-relative\">\n    <!---->\n    <!---->\n    <div class=\"h-section-grid-container h-section-fluid-container\">\n      <!---->\n      <div data-colibri-id=\"3052-c57\" class=\"h-row-container gutters-row-lg-0 gutters-row-md-0 gutters-row-0 gutters-row-v-lg-0 gutters-row-v-md-0 gutters-row-v-0 style-1151 style-local-3052-c57 position-relative\">\n        <!---->\n        <div class=\"h-row justify-content-lg-center justify-content-md-center justify-content-center align-items-lg-stretch align-items-md-stretch align-items-stretch gutters-col-lg-0 gutters-col-md-0 gutters-col-0 gutters-col-v-lg-0 gutters-col-v-md-0 gutters-col-v-0\">\n          <!---->\n          <div class=\"h-column h-column-container d-flex h-col-lg-auto h-col-md-auto h-col-auto style-1152-outer style-local-3052-c58-outer\">\n            <div data-colibri-id=\"3052-c58\" class=\"d-flex h-flex-basis h-column__inner h-px-lg-1 h-px-md-1 h-px-1 v-inner-lg-1 v-inner-md-1 v-inner-1 style-1152 style-local-3052-c58 position-relative\">\n              <!---->\n              <!---->\n              <div class=\"w-100 h-y-container h-column__content h-column__v-align flex-basis-100 align-self-lg-start align-self-md-start align-self-start\">\n                <!---->\n                <div data-colibri-id=\"3052-c59\" class=\"h-text h-text-component style-1153 style-local-3052-c59 position-relative h-element\">\n                  <!---->\n                  <!---->\n                  <div class=\"\">\n                    <p><span style=\"font-weight: 400; font-size: 16px; font-family: Archivo; color: rgb(82, 88, 93);\">\u00a9 Erre pi srl Taglio Laser&nbsp;Tranciatura Lamiera e Stampaggio Lamiera Brescia&nbsp;<\/span><strong style=\"font-size: 16px; font-family: Archivo; color: rgb(82, 88, 93);\">|&nbsp;<\/strong>\n                      <span\n                        style=\"font-size: 16px; font-family: Archivo; color: rgb(82, 88, 93); font-weight: 400;\">Powered by<\/span><strong style=\"font-size: 16px; font-family: Archivo; color: rgb(82, 88, 93);\">&nbsp;<\/strong>\n                        <a href=\"https:\/\/www.seaweb.biz\" style=\"font-size: 16px; font-family: &quot;Open Sans&quot;; color: rgb(0, 102, 204); font-weight: 400;\"><strong>Seaweb.biz<\/strong><\/a>\n                    <\/p>\n                  <\/div>\n                <\/div>\n              <\/div>\n            <\/div>\n          <\/div>\n          <div class=\"h-column h-column-container d-flex h-col-lg-auto h-col-md-auto h-col-auto style-1154-outer style-local-3052-c60-outer\">\n            <div data-colibri-id=\"3052-c60\" class=\"d-flex h-flex-basis h-column__inner h-ui-empty-state-container h-px-lg-1 h-px-md-1 h-px-1 v-inner-lg-1 v-inner-md-1 v-inner-1 style-1154 style-local-3052-c60 position-relative\">\n              <!---->\n              <!---->\n              <div class=\"w-100 h-y-container h-column__content h-column__v-align flex-basis-100\">\n                <!---->\n              <\/div>\n            <\/div>\n          <\/div>\n        <\/div>\n      <\/div>\n    <\/div>\n  <\/div>\n<\/div>","protected":false},"excerpt":{"rendered":"<p>STAMPAGGIO LAMIERA stampaggio su lamiere A FREDDO Nonostante operiamo con presse meccaniche riusciamo agevolmente ad eseguire stampaggi, anche &#8220;profondi&#8221;, di particolari. La costruzione di stampi per imbutitura \u00e8 affidata a terzisti che operano con noi da molti anni e hanno acquisito una esperienza certa. Nel reparto stampaggio abbiamo alcune macchine multifilettatrici che filettano fino a [&hellip;]<\/p>","protected":false},"author":3,"featured_media":0,"parent":0,"menu_order":3,"comment_status":"closed","ping_status":"closed","template":"page-templates\/full-width-page.php","meta":{"footnotes":""},"class_list":["post-3052","page","type-page","status-publish","hentry"],"aioseo_notices":[],"_links":{"self":[{"href":"https:\/\/www.errepibs.it\/deutsch\/wp-json\/wp\/v2\/pages\/3052","targetHints":{"allow":["GET"]}}],"collection":[{"href":"https:\/\/www.errepibs.it\/deutsch\/wp-json\/wp\/v2\/pages"}],"about":[{"href":"https:\/\/www.errepibs.it\/deutsch\/wp-json\/wp\/v2\/types\/page"}],"author":[{"embeddable":true,"href":"https:\/\/www.errepibs.it\/deutsch\/wp-json\/wp\/v2\/users\/3"}],"replies":[{"embeddable":true,"href":"https:\/\/www.errepibs.it\/deutsch\/wp-json\/wp\/v2\/comments?post=3052"}],"version-history":[{"count":15,"href":"https:\/\/www.errepibs.it\/deutsch\/wp-json\/wp\/v2\/pages\/3052\/revisions"}],"predecessor-version":[{"id":4645,"href":"https:\/\/www.errepibs.it\/deutsch\/wp-json\/wp\/v2\/pages\/3052\/revisions\/4645"}],"wp:attachment":[{"href":"https:\/\/www.errepibs.it\/deutsch\/wp-json\/wp\/v2\/media?parent=3052"}],"curies":[{"name":"wp","href":"https:\/\/api.w.org\/{rel}","templated":true}]}}