{"id":3095,"date":"2023-04-05T11:37:16","date_gmt":"2023-04-05T09:37:16","guid":{"rendered":"https:\/\/www.errepibs.it\/?page_id=3095"},"modified":"2025-11-10T09:57:16","modified_gmt":"2025-11-10T08:57:16","slug":"lavorazione-metalli-brescia","status":"publish","type":"page","link":"https:\/\/www.errepibs.it\/deutsch\/lavorazione-metalli-brescia\/","title":{"rendered":"METALLBEARBEITUNG"},"content":{"rendered":"<div data-colibri-id=\"3095-c1\" class=\"style-1159 style-local-3095-c1 position-relative\">\r\n  <!---->\r\n  <div data-colibri-component=\"section\" data-colibri-id=\"3095-c2\" id=\"officina-meccanica\" class=\"h-section h-section-global-spacing d-flex align-items-lg-center align-items-md-center align-items-center style-1160 style-local-3095-c2 position-relative\">\r\n    <!---->\r\n    <!---->\r\n    <div class=\"h-section-grid-container h-section-boxed-container\">\r\n      <!---->\r\n      <div data-colibri-id=\"3095-c3\" class=\"h-row-container gutters-row-lg-0 gutters-row-md-0 gutters-row-0 gutters-row-v-lg-0 gutters-row-v-md-0 gutters-row-v-0 style-1161 style-local-3095-c3 position-relative\">\r\n        <!---->\r\n        <div class=\"h-row justify-content-lg-center justify-content-md-center justify-content-center align-items-lg-stretch align-items-md-stretch align-items-stretch gutters-col-lg-0 gutters-col-md-0 gutters-col-0 gutters-col-v-lg-0 gutters-col-v-md-0 gutters-col-v-0\">\r\n          <!---->\r\n          <div class=\"h-column h-column-container d-flex h-col-lg-auto h-col-md-auto h-col-auto style-1162-outer style-local-3095-c4-outer\">\r\n            <div data-colibri-id=\"3095-c4\" class=\"d-flex h-flex-basis h-column__inner h-px-lg-0 h-px-md-0 h-px-0 v-inner-lg-0 v-inner-md-0 v-inner-0 style-1162 style-local-3095-c4 position-relative\">\r\n              <!---->\r\n              <!---->\r\n              <div class=\"w-100 h-y-container h-column__content h-column__v-align flex-basis-100 align-self-lg-start align-self-md-start align-self-start\">\r\n                <!---->\r\n                <div data-colibri-id=\"3095-c5\" class=\"h-text h-text-component style-1163 style-local-3095-c5 position-relative h-element\">\r\n                  <!---->\r\n                  <!---->\r\n                  <div class=\"\">\r\n                    <p>BLECHBEARBEITUNG<\/p>\r\n                  <\/div>\r\n                <\/div>\r\n                <div data-colibri-id=\"3095-c6\" class=\"h-global-transition-all h-heading style-1164 style-local-3095-c6 position-relative h-element\">\r\n                  <!---->\r\n                  <div class=\"h-heading__outer style-1164 style-local-3095-c6\">\r\n                    <!---->\r\n                    <!---->\r\n                    <h1 class=\"\">Verarbeitungstechniken vom Laserschneiden \u00fcber Blechstanzen bis hin zum Blechstanzen.<\/h1>\r\n                  <\/div>\r\n                <\/div>\r\n                <div data-colibri-id=\"3095-c7\" class=\"h-icon style-1165 style-local-3095-c7 position-relative h-element\">\r\n                  <!----><span class=\"h-svg-icon h-icon__icon style-1165-icon style-local-3095-c7-icon\"><!--Icon by Icons8 Line Awesome (https:\/\/icons8.com\/line-awesome)--><svg version=\"1.1\" xmlns=\"http:\/\/www.w3.org\/2000\/svg\" xmlns:xlink=\"http:\/\/www.w3.org\/1999\/xlink\" id=\"angle-down\" viewbox=\"0 0 512 545.5\"><path d=\"M67.5 204.5L256 393l188.5-188.5 23 23-200 200-11.5 11-11.5-11-200-200z\"><\/path><\/svg><\/span><\/div>\r\n              <\/div>\r\n            <\/div>\r\n          <\/div>\r\n        <\/div>\r\n      <\/div>\r\n    <\/div>\r\n  <\/div>\r\n  <div data-colibri-component=\"section\" data-colibri-id=\"3095-c8\" id=\"testo-azienda\" class=\"h-section h-section-global-spacing d-flex align-items-lg-center align-items-md-center align-items-center style-1166 style-local-3095-c8 position-relative\">\r\n    <!---->\r\n    <!---->\r\n    <div class=\"h-section-grid-container h-section-boxed-container\">\r\n      <!---->\r\n      <div data-colibri-id=\"3095-c9\" class=\"h-row-container gutters-row-lg-2 gutters-row-md-2 gutters-row-0 gutters-row-v-lg-2 gutters-row-v-md-2 gutters-row-v-2 style-1167 style-local-3095-c9 position-relative\">\r\n        <!---->\r\n        <div class=\"h-row justify-content-lg-center justify-content-md-center justify-content-center align-items-lg-stretch align-items-md-stretch align-items-stretch gutters-col-lg-2 gutters-col-md-2 gutters-col-0 gutters-col-v-lg-2 gutters-col-v-md-2 gutters-col-v-2\">\r\n          <!---->\r\n          <div class=\"h-column h-column-container d-flex h-col-lg-auto h-col-md-auto h-col-auto style-1168-outer style-local-3095-c10-outer\">\r\n            <div data-colibri-id=\"3095-c10\" class=\"d-flex h-flex-basis h-column__inner h-px-lg-2 h-px-md-2 h-px-2 v-inner-lg-2 v-inner-md-2 v-inner-2 style-1168 style-local-3095-c10 position-relative\">\r\n              <!---->\r\n              <!---->\r\n              <div class=\"w-100 h-y-container h-column__content h-column__v-align flex-basis-100 align-self-lg-start align-self-md-start align-self-start\">\r\n                <!---->\r\n                <div data-colibri-id=\"3095-c11\" class=\"h-global-transition-all h-heading style-1169 style-local-3095-c11 position-relative h-element\">\r\n                  <!---->\r\n                  <div class=\"h-heading__outer style-1169 style-local-3095-c11\">\r\n                    <!---->\r\n                    <!---->\r\n                    <h1 class=\"\">Seit seiner Gr\u00fcndung besch\u00e4ftigt sich ERREPI mit dem Einkauf, der Bearbeitung, der Oberfl\u00e4chenbehandlung und der W\u00e4rmebehandlung von hochwertigen Materialien.\r\n                      <br>\r\n                      <br>Con l&#8217;aiuto di fornitori esterni di fiducia trentennale possiamo eseguire lavorazioni su lamiera anche se non di nostra competenza.\r\n                      <br>\r\n                      <br>La flessibilit\u00e0 \u00e8 uno dei nostri vanti.<\/h1>\r\n                  <\/div>\r\n                <\/div>\r\n              <\/div>\r\n            <\/div>\r\n          <\/div>\r\n        <\/div>\r\n      <\/div>\r\n    <\/div>\r\n  <\/div>\r\n  <div data-colibri-component=\"section\" data-colibri-id=\"3095-c16\" id=\"testo-servizio-preciso\" class=\"h-section h-section-global-spacing d-flex align-items-lg-center align-items-md-center align-items-center style-1174 style-local-3095-c16 position-relative\">\r\n    <!---->\r\n    <!---->\r\n    <div class=\"h-section-grid-container h-section-boxed-container\">\r\n      <!---->\r\n      <div data-colibri-id=\"3095-c17\" class=\"h-row-container gutters-row-lg-2 gutters-row-md-2 gutters-row-0 gutters-row-v-lg-2 gutters-row-v-md-2 gutters-row-v-2 style-1175 style-local-3095-c17 position-relative\">\r\n        <!---->\r\n        <div class=\"h-row justify-content-lg-center justify-content-md-center justify-content-center align-items-lg-stretch align-items-md-stretch align-items-stretch gutters-col-lg-2 gutters-col-md-2 gutters-col-0 gutters-col-v-lg-2 gutters-col-v-md-2 gutters-col-v-2\">\r\n          <!---->\r\n          <div class=\"h-column h-column-container d-flex h-col-lg-auto h-col-md-auto h-col-auto style-1176-outer style-local-3095-c18-outer\">\r\n            <div data-colibri-id=\"3095-c18\" class=\"d-flex h-flex-basis h-column__inner h-px-lg-2 h-px-md-2 h-px-2 v-inner-lg-2 v-inner-md-2 v-inner-2 style-1176 style-local-3095-c18 position-relative\">\r\n              <!---->\r\n              <!---->\r\n              <div class=\"w-100 h-y-container h-column__content h-column__v-align flex-basis-100 align-self-lg-start align-self-md-start align-self-start\">\r\n                <!---->\r\n                <div data-colibri-id=\"3095-c19\" class=\"h-global-transition-all h-heading style-1177 style-local-3095-c19 position-relative h-element\">\r\n                  <!---->\r\n                  <div class=\"h-heading__outer style-1177 style-local-3095-c19\">\r\n                    <!---->\r\n                    <!---->\r\n                    <h1 class=\"\">la nostra azienda \u00e8 inoltre provvista di un parco materiali sempre aggiornato e disponibile per le urgenze pi\u00f9 immediate.<\/h1>\r\n                  <\/div>\r\n                <\/div>\r\n              <\/div>\r\n            <\/div>\r\n          <\/div>\r\n        <\/div>\r\n      <\/div>\r\n    <\/div>\r\n  <\/div>\r\n  <div data-colibri-component=\"section\" data-colibri-id=\"3095-c24\" id=\"preventivo\" class=\"h-section h-section-global-spacing d-flex align-items-lg-center align-items-md-center align-items-center style-1182 style-local-3095-c24 position-relative\">\r\n    <!---->\r\n    <!---->\r\n    <div class=\"h-section-grid-container h-section-fluid-container\">\r\n      <!---->\r\n      <div data-colibri-id=\"3095-c25\" class=\"h-row-container gutters-row-lg-2 gutters-row-md-2 gutters-row-0 gutters-row-v-lg-2 gutters-row-v-md-2 gutters-row-v-2 style-1183 style-local-3095-c25 position-relative\">\r\n        <!---->\r\n        <div class=\"h-row justify-content-lg-center justify-content-md-center justify-content-center align-items-lg-stretch align-items-md-stretch align-items-stretch gutters-col-lg-2 gutters-col-md-2 gutters-col-0 gutters-col-v-lg-2 gutters-col-v-md-2 gutters-col-v-2\">\r\n          <!---->\r\n          <div class=\"h-column h-column-container d-flex h-col-lg-auto h-col-md-auto h-col-auto style-1184-outer style-local-3095-c26-outer\">\r\n            <div data-colibri-id=\"3095-c26\" class=\"d-flex h-flex-basis h-column__inner h-px-lg-2 h-px-md-2 h-px-2 v-inner-lg-2 v-inner-md-2 v-inner-2 style-1184 style-local-3095-c26 position-relative\">\r\n              <!---->\r\n              <!---->\r\n              <div class=\"w-100 h-y-container h-column__content h-column__v-align flex-basis-100 align-self-lg-start align-self-md-start align-self-start\">\r\n                <!---->\r\n                <div data-colibri-component=\"content-swap\" data-colibri-id=\"3095-c27\" class=\"content-swap style-1185 style-local-3095-c27 position-relative h-element\">\r\n                  <!---->\r\n                  <div class=\"d-flex position-relative border-radius-inherit h-content-swap__overflow\">\r\n                    <div data-normal=\"\" data-colibri-id=\"3095-c28\" class=\"h-content-swap__normal d-flex border-radius-inherit hide-animation style-1186 style-local-3095-c28 position-relative\">\r\n                      <!---->\r\n                      <div class=\"w-100 h-y-container align-self-lg-center align-self-md-center align-self-center\">\r\n                        <!---->\r\n                        <div data-colibri-id=\"3095-c29\" class=\"h-row-container gutters-row-lg-2 gutters-row-md-2 gutters-row-0 gutters-row-v-lg-2 gutters-row-v-md-2 gutters-row-v-2 style-1187 style-local-3095-c29 position-relative\">\r\n                          <!---->\r\n                          <div class=\"h-row justify-content-lg-center justify-content-md-center justify-content-center align-items-lg-stretch align-items-md-stretch align-items-stretch gutters-col-lg-2 gutters-col-md-2 gutters-col-0 gutters-col-v-lg-2 gutters-col-v-md-2 gutters-col-v-2\">\r\n                            <!---->\r\n                            <div class=\"h-column h-column-container d-flex h-col-lg-auto h-col-md-auto h-col-auto style-1188-outer style-local-3095-c30-outer\">\r\n                              <div data-colibri-id=\"3095-c30\" class=\"d-flex h-flex-basis h-column__inner h-px-lg-2 h-px-md-2 h-px-2 v-inner-lg-2 v-inner-md-2 v-inner-2 style-1188 style-local-3095-c30 position-relative\">\r\n                                <!---->\r\n                                <!---->\r\n                                <div class=\"w-100 h-y-container h-column__content h-column__v-align flex-basis-100 align-self-lg-start align-self-md-start align-self-start\">\r\n                                  <!---->\r\n                                  <div data-colibri-id=\"3095-c31\" class=\"h-global-transition-all h-heading style-1189 style-local-3095-c31 position-relative h-element\">\r\n                                    <!---->\r\n                                    <div class=\"h-heading__outer style-1189 style-local-3095-c31\">\r\n                                      <!---->\r\n                                      <!---->\r\n                                      <h2 class=\"translation-block\">Unser  <br>Expertenteam steht  <br>Ihnen zur Verf\u00fcgung<\/h2>\r\n                                    <\/div>\r\n                                  <\/div>\r\n                                <\/div>\r\n                              <\/div>\r\n                            <\/div>\r\n                          <\/div>\r\n                        <\/div>\r\n                      <\/div>\r\n                    <\/div>\r\n                    <div data-hover=\"\" data-colibri-component=\"link\" data-href=\"\" data-colibri-id=\"3095-c32\" class=\"h-content-swap-hover-container animated h-content-swap__hover d-flex border-radius-inherit fadeIn justify-content-lg-center justify-content-md-center justify-content-center style-1190 style-local-3095-c32 position-relative\"\r\n                      style=\"display: none;\">\r\n                      <!---->\r\n                      <div class=\"w-100 h-y-container align-self-lg-center align-self-md-center align-self-center\">\r\n                        <!---->\r\n                        <div data-colibri-id=\"3095-c33\" class=\"h-x-container style-1191 style-local-3095-c33 position-relative h-element\">\r\n                          <!---->\r\n                          <div class=\"h-x-container-inner style-dynamic-3095-c33-group style-1191-spacing style-local-3095-c33-spacing\"><span class=\"h-button__outer style-1192-outer style-local-3095-c34-outer d-inline-flex h-element\"><a h-use-smooth-scroll=\"true\" href=\"https:\/\/www.errepibs.it\/deutsch\/contatti\/\"  data-colibri-id=\"3095-c34\" class=\"d-flex w-100 align-items-center h-button justify-content-lg-center justify-content-md-center justify-content-center style-1192 style-local-3095-c34 position-relative\"><!----><!----> <span>ein Angebot anfordern<\/span><\/a>\r\n                            <\/span>\r\n                          <\/div>\r\n                        <\/div>\r\n                      <\/div>\r\n                    <\/div>\r\n                  <\/div>\r\n                <\/div>\r\n              <\/div>\r\n            <\/div>\r\n          <\/div>\r\n        <\/div>\r\n      <\/div>\r\n    <\/div>\r\n  <\/div>\r\n  <div data-colibri-component=\"section\" data-colibri-id=\"3095-c39\" id=\"footer\" class=\"h-section h-section-global-spacing d-flex align-items-lg-center align-items-md-center align-items-center style-1197 style-local-3095-c39 position-relative\">\r\n    <!---->\r\n    <!---->\r\n    <div class=\"h-section-grid-container h-section-fluid-container\">\r\n      <!---->\r\n      <div data-colibri-id=\"3095-c40\" class=\"h-row-container gutters-row-lg-2 gutters-row-md-2 gutters-row-0 gutters-row-v-lg-2 gutters-row-v-md-2 gutters-row-v-2 style-1198 style-local-3095-c40 position-relative\">\r\n        <!---->\r\n        <div class=\"h-row justify-content-lg-center justify-content-md-center justify-content-center align-items-lg-stretch align-items-md-stretch align-items-stretch gutters-col-lg-2 gutters-col-md-2 gutters-col-0 gutters-col-v-lg-2 gutters-col-v-md-2 gutters-col-v-2\">\r\n          <!---->\r\n          <div class=\"h-column h-column-container d-flex h-col-lg-auto h-col-md-auto h-col-auto style-1199-outer style-local-3095-c41-outer\">\r\n            <div data-colibri-id=\"3095-c41\" class=\"d-flex h-flex-basis h-column__inner h-ui-empty-state-container h-px-lg-2 h-px-md-2 h-px-2 v-inner-lg-2 v-inner-md-2 v-inner-2 style-1199 style-local-3095-c41 position-relative\">\r\n              <!---->\r\n              <!---->\r\n              <div class=\"w-100 h-y-container h-column__content h-column__v-align flex-basis-100\">\r\n                <!---->\r\n              <\/div>\r\n            <\/div>\r\n          <\/div>\r\n          <div class=\"h-column h-column-container d-flex h-col-lg-auto h-col-md-auto h-col-auto style-1200-outer style-local-3095-c42-outer\">\r\n            <div data-colibri-id=\"3095-c42\" class=\"d-flex h-flex-basis h-column__inner h-px-lg-2 h-px-md-2 h-px-2 v-inner-lg-2 v-inner-md-2 v-inner-2 style-1200 style-local-3095-c42 position-relative\">\r\n              <!---->\r\n              <!---->\r\n              <div class=\"w-100 h-y-container h-column__content h-column__v-align flex-basis-100 align-self-lg-start align-self-md-start align-self-start\">\r\n                <!---->\r\n                <div data-colibri-id=\"3095-c43\" class=\"h-global-transition-all h-heading style-1201 style-local-3095-c43 position-relative h-element\">\r\n                  <!---->\r\n                  <div class=\"h-heading__outer style-1201 style-local-3095-c43\">\r\n                    <!---->\r\n                    <!---->\r\n                    <h5 class=\"\">LASERSCHNEIDEN\r\n                      <br>ERRE PI SRL<\/h5>\r\n                  <\/div>\r\n                <\/div>\r\n                <div data-colibri-id=\"3095-c44\" class=\"h-text h-text-component style-1202 style-local-3095-c44 position-relative h-element\">\r\n                  <!---->\r\n                  <!---->\r\n                  <div class=\"\">\r\n                    <p><span style=\"font-weight: 500; font-size: 16px; font-family: Archivo; color: rgb(255, 255, 255);\">Faserlaserschneiden, Blechschneiden und Kaltstanzen von Blechen.<\/span><\/p>\r\n                  <\/div>\r\n                <\/div>\r\n              <\/div>\r\n            <\/div>\r\n          <\/div>\r\n          <div class=\"h-column h-column-container d-flex h-col-lg-auto h-col-md-auto h-col-auto style-1203-outer style-local-3095-c45-outer\">\r\n            <div data-colibri-id=\"3095-c45\" class=\"d-flex h-flex-basis h-column__inner h-ui-empty-state-container h-px-lg-2 h-px-md-2 h-px-2 v-inner-lg-2 v-inner-md-2 v-inner-2 style-1203 style-local-3095-c45 position-relative\">\r\n              <!---->\r\n              <!---->\r\n              <div class=\"w-100 h-y-container h-column__content h-column__v-align flex-basis-100\">\r\n                <!---->\r\n              <\/div>\r\n            <\/div>\r\n          <\/div>\r\n          <div class=\"h-column h-column-container d-flex h-col-lg-auto h-col-md-auto h-col-auto style-1204-outer style-local-3095-c46-outer\">\r\n            <div data-colibri-id=\"3095-c46\" class=\"d-flex h-flex-basis h-column__inner h-px-lg-2 h-px-md-2 h-px-2 v-inner-lg-2 v-inner-md-2 v-inner-2 style-1204 style-local-3095-c46 position-relative\">\r\n              <!---->\r\n              <!---->\r\n              <div class=\"w-100 h-y-container h-column__content h-column__v-align flex-basis-100 align-self-lg-start align-self-md-start align-self-start\">\r\n                <!---->\r\n                <div data-colibri-id=\"3095-c47\" class=\"h-global-transition-all h-heading style-1201 style-local-3095-c47 position-relative h-element\">\r\n                  <!---->\r\n                  <div class=\"h-heading__outer style-1201 style-local-3095-c47\">\r\n                    <!---->\r\n                    <!---->\r\n                    <h5 class=\"\">Blechzuschnitt\r\n                      <br>STANZEN VON BLECH<\/h5>\r\n                  <\/div>\r\n                <\/div>\r\n                <div data-colibri-id=\"3095-c48\" class=\"h-text h-text-component style-1205 style-local-3095-c48 position-relative h-element\">\r\n                  <!---->\r\n                  <!---->\r\n                  <div class=\"\">\r\n                    <p>Address  Brescia, 269,<\/p>\r\n                    <p>25075 Nave BS Italia<\/p>\r\n                    <p>P.iva: 00361390172<\/p>\r\n                  <\/div>\r\n                <\/div>\r\n              <\/div>\r\n            <\/div>\r\n          <\/div>\r\n          <div class=\"h-column h-column-container d-flex h-col-lg-auto h-col-md-auto h-col-auto style-1206-outer style-local-3095-c49-outer\">\r\n            <div data-colibri-id=\"3095-c49\" class=\"d-flex h-flex-basis h-column__inner h-px-lg-2 h-px-md-2 h-px-2 v-inner-lg-2 v-inner-md-2 v-inner-2 style-1206 style-local-3095-c49 position-relative\">\r\n              <!---->\r\n              <!---->\r\n              <div class=\"w-100 h-y-container h-column__content h-column__v-align flex-basis-100 align-self-lg-start align-self-md-start align-self-start\">\r\n                <!---->\r\n                <div data-colibri-id=\"3095-c50\" class=\"h-global-transition-all h-heading style-1201 style-local-3095-c50 position-relative h-element\">\r\n                  <!---->\r\n                  <div class=\"h-heading__outer style-1201 style-local-3095-c50\">\r\n                    <!---->\r\n                    <!---->\r\n                    <h5 class=\"\">Kontact<\/h5>\r\n                  <\/div>\r\n                <\/div>\r\n                <div data-colibri-id=\"3095-c51\" class=\"h-text h-text-component style-1207 style-local-3095-c51 position-relative h-element\">\r\n                  <!---->\r\n                  <!---->\r\n                  <div class=\"\">\r\n                    <p>Phone: +390302530362<\/p>\r\n                    <p>Fax: +390302532028<\/p>\r\n                    <p>Mail: errepibs@errepibs.com\r\n                      <br>\r\n                    <\/p>\r\n                  <\/div>\r\n                <\/div>\r\n              <\/div>\r\n            <\/div>\r\n          <\/div>\r\n        <\/div>\r\n      <\/div>\r\n    <\/div>\r\n  <\/div>\r\n  <div data-colibri-component=\"section\" data-colibri-id=\"3095-c56\" id=\"credits\" class=\"h-section h-section-global-spacing d-flex align-items-lg-center align-items-md-center align-items-center style-1212 style-local-3095-c56 position-relative\">\r\n    <!---->\r\n    <!---->\r\n    <div class=\"h-section-grid-container h-section-fluid-container\">\r\n      <!---->\r\n      <div data-colibri-id=\"3095-c57\" class=\"h-row-container gutters-row-lg-0 gutters-row-md-0 gutters-row-0 gutters-row-v-lg-0 gutters-row-v-md-0 gutters-row-v-0 style-1213 style-local-3095-c57 position-relative\">\r\n        <!---->\r\n        <div class=\"h-row justify-content-lg-center justify-content-md-center justify-content-center align-items-lg-stretch align-items-md-stretch align-items-stretch gutters-col-lg-0 gutters-col-md-0 gutters-col-0 gutters-col-v-lg-0 gutters-col-v-md-0 gutters-col-v-0\">\r\n          <!---->\r\n          <div class=\"h-column h-column-container d-flex h-col-lg-auto h-col-md-auto h-col-auto style-1214-outer style-local-3095-c58-outer\">\r\n            <div data-colibri-id=\"3095-c58\" class=\"d-flex h-flex-basis h-column__inner h-px-lg-1 h-px-md-1 h-px-1 v-inner-lg-1 v-inner-md-1 v-inner-1 style-1214 style-local-3095-c58 position-relative\">\r\n              <!---->\r\n              <!---->\r\n              <div class=\"w-100 h-y-container h-column__content h-column__v-align flex-basis-100 align-self-lg-start align-self-md-start align-self-start\">\r\n                <!---->\r\n                <div data-colibri-id=\"3095-c59\" class=\"h-text h-text-component style-1215 style-local-3095-c59 position-relative h-element\">\r\n                  <!---->\r\n                  <!---->\r\n                  <div class=\"\">\r\n                    <p><span style=\"font-weight: 400; font-size: 16px; font-family: Archivo; color: rgb(82, 88, 93);\">\u00a9 Erre pi srl Taglio Laser&nbsp;Tranciatura Lamiera e Stampaggio Lamiera Brescia&nbsp;<\/span><strong style=\"font-size: 16px; font-family: Archivo; color: rgb(82, 88, 93);\">|&nbsp;<\/strong>\r\n                      <span\r\n                        style=\"font-size: 16px; font-family: Archivo; color: rgb(82, 88, 93); font-weight: 400;\">Powered by<\/span><strong style=\"font-size: 16px; font-family: Archivo; color: rgb(82, 88, 93);\">&nbsp;<\/strong>\r\n                        <a href=\"https:\/\/www.seaweb.biz\" style=\"font-size: 16px; font-family: &quot;Open Sans&quot;; color: rgb(0, 102, 204); font-weight: 400;\"><strong>Seaweb.biz<\/strong><\/a>\r\n                    <\/p>\r\n                  <\/div>\r\n                <\/div>\r\n              <\/div>\r\n            <\/div>\r\n          <\/div>\r\n          <div class=\"h-column h-column-container d-flex h-col-lg-auto h-col-md-auto h-col-auto style-1216-outer style-local-3095-c60-outer\">\r\n            <div data-colibri-id=\"3095-c60\" class=\"d-flex h-flex-basis h-column__inner h-ui-empty-state-container h-px-lg-1 h-px-md-1 h-px-1 v-inner-lg-1 v-inner-md-1 v-inner-1 style-1216 style-local-3095-c60 position-relative\">\r\n              <!---->\r\n              <!---->\r\n              <div class=\"w-100 h-y-container h-column__content h-column__v-align flex-basis-100\">\r\n                <!---->\r\n              <\/div>\r\n            <\/div>\r\n          <\/div>\r\n        <\/div>\r\n      <\/div>\r\n    <\/div>\r\n  <\/div>\r\n<\/div>","protected":false},"excerpt":{"rendered":"<p>LAVORAZIONE LAMIERA tecniche di lavorazione dal taglio laser, tranciatura LAMIERA E STAMPAGGIO LAMIERA. Dalla sua fondazione la ERREPI Acquista, lavora, esegue trattamenti superficiali e termici su materiali di prima scelta. Con l&#8217;aiuto di fornitori esterni di fiducia trentennale possiamo eseguire lavorazioni su lamiera anche se non di nostra competenza. La flessibilit\u00e0 \u00e8 uno dei nostri [&hellip;]<\/p>","protected":false},"author":3,"featured_media":0,"parent":0,"menu_order":3,"comment_status":"closed","ping_status":"closed","template":"page-templates\/full-width-page.php","meta":{"footnotes":""},"class_list":["post-3095","page","type-page","status-publish","hentry"],"aioseo_notices":[],"_links":{"self":[{"href":"https:\/\/www.errepibs.it\/deutsch\/wp-json\/wp\/v2\/pages\/3095","targetHints":{"allow":["GET"]}}],"collection":[{"href":"https:\/\/www.errepibs.it\/deutsch\/wp-json\/wp\/v2\/pages"}],"about":[{"href":"https:\/\/www.errepibs.it\/deutsch\/wp-json\/wp\/v2\/types\/page"}],"author":[{"embeddable":true,"href":"https:\/\/www.errepibs.it\/deutsch\/wp-json\/wp\/v2\/users\/3"}],"replies":[{"embeddable":true,"href":"https:\/\/www.errepibs.it\/deutsch\/wp-json\/wp\/v2\/comments?post=3095"}],"version-history":[{"count":10,"href":"https:\/\/www.errepibs.it\/deutsch\/wp-json\/wp\/v2\/pages\/3095\/revisions"}],"predecessor-version":[{"id":4617,"href":"https:\/\/www.errepibs.it\/deutsch\/wp-json\/wp\/v2\/pages\/3095\/revisions\/4617"}],"wp:attachment":[{"href":"https:\/\/www.errepibs.it\/deutsch\/wp-json\/wp\/v2\/media?parent=3095"}],"curies":[{"name":"wp","href":"https:\/\/api.w.org\/{rel}","templated":true}]}}