{"id":3124,"date":"2023-04-12T10:17:53","date_gmt":"2023-04-12T08:17:53","guid":{"rendered":"https:\/\/www.errepibs.it\/?page_id=3124"},"modified":"2025-11-07T10:41:24","modified_gmt":"2025-11-07T09:41:24","slug":"piegatura-lamiera","status":"publish","type":"page","link":"https:\/\/www.errepibs.it\/deutsch\/lavorazione-metalli-brescia\/piegatura-lamiera\/","title":{"rendered":"METALLBIEGEN"},"content":{"rendered":"<div data-colibri-id=\"3124-c1\" class=\"style-1221 style-local-3124-c1 position-relative\">\n  <!---->\n  <div data-colibri-component=\"section\" data-colibri-id=\"3124-c2\" id=\"officina-meccanica\" class=\"h-section h-section-global-spacing d-flex align-items-lg-center align-items-md-center align-items-center style-1222 style-local-3124-c2 position-relative\">\n    <!---->\n    <!---->\n    <div class=\"h-section-grid-container h-section-boxed-container\">\n      <!---->\n      <div data-colibri-id=\"3124-c3\" class=\"h-row-container gutters-row-lg-0 gutters-row-md-0 gutters-row-0 gutters-row-v-lg-0 gutters-row-v-md-0 gutters-row-v-0 style-1223 style-local-3124-c3 position-relative\">\n        <!---->\n        <div class=\"h-row justify-content-lg-center justify-content-md-center justify-content-center align-items-lg-stretch align-items-md-stretch align-items-stretch gutters-col-lg-0 gutters-col-md-0 gutters-col-0 gutters-col-v-lg-0 gutters-col-v-md-0 gutters-col-v-0\">\n          <!---->\n          <div class=\"h-column h-column-container d-flex h-col-lg-auto h-col-md-auto h-col-auto style-1224-outer style-local-3124-c4-outer\">\n            <div data-colibri-id=\"3124-c4\" class=\"d-flex h-flex-basis h-column__inner h-px-lg-0 h-px-md-0 h-px-0 v-inner-lg-0 v-inner-md-0 v-inner-0 style-1224 style-local-3124-c4 position-relative\">\n              <!---->\n              <!---->\n              <div class=\"w-100 h-y-container h-column__content h-column__v-align flex-basis-100 align-self-lg-start align-self-md-start align-self-start\">\n                <!---->\n                <div data-colibri-id=\"3124-c5\" class=\"h-text h-text-component style-1225 style-local-3124-c5 position-relative h-element\">\n                  <!---->\n                  <!---->\n                  <div class=\"\">\n                    <p>METALLBIEGEN<\/p>\n                  <\/div>\n                <\/div>\n                <div data-colibri-id=\"3124-c6\" class=\"h-global-transition-all h-heading style-1226 style-local-3124-c6 position-relative h-element\">\n                  <!---->\n                  <div class=\"h-heading__outer style-1226 style-local-3124-c6\">\n                    <!---->\n                    <!---->\n                    <h1 class=\"\">BIEGEN VON BLECHTEILEN<\/h1>\n                  <\/div>\n                <\/div>\n                <div data-colibri-id=\"3124-c7\" class=\"h-icon style-1227 style-local-3124-c7 position-relative h-element\">\n                  <!----><span class=\"h-svg-icon h-icon__icon style-1227-icon style-local-3124-c7-icon\"><!--Icon by Icons8 Line Awesome (https:\/\/icons8.com\/line-awesome)--><svg version=\"1.1\" xmlns=\"http:\/\/www.w3.org\/2000\/svg\" xmlns:xlink=\"http:\/\/www.w3.org\/1999\/xlink\" id=\"angle-down\" viewbox=\"0 0 512 545.5\"><path d=\"M67.5 204.5L256 393l188.5-188.5 23 23-200 200-11.5 11-11.5-11-200-200z\"><\/path><\/svg><\/span><\/div>\n              <\/div>\n            <\/div>\n          <\/div>\n        <\/div>\n      <\/div>\n    <\/div>\n  <\/div>\n  <div data-colibri-component=\"section\" data-colibri-id=\"3124-c8\" id=\"testo-azienda\" class=\"h-section h-section-global-spacing d-flex align-items-lg-center align-items-md-center align-items-center style-1228 style-local-3124-c8 position-relative\">\n    <!---->\n    <!---->\n    <div class=\"h-section-grid-container h-section-boxed-container\">\n      <!---->\n      <div data-colibri-id=\"3124-c9\" class=\"h-row-container gutters-row-lg-2 gutters-row-md-2 gutters-row-0 gutters-row-v-lg-2 gutters-row-v-md-2 gutters-row-v-2 style-1229 style-local-3124-c9 position-relative\">\n        <!---->\n        <div class=\"h-row justify-content-lg-center justify-content-md-center justify-content-center align-items-lg-stretch align-items-md-stretch align-items-stretch gutters-col-lg-2 gutters-col-md-2 gutters-col-0 gutters-col-v-lg-2 gutters-col-v-md-2 gutters-col-v-2\">\n          <!---->\n          <div class=\"h-column h-column-container d-flex h-col-lg-auto h-col-md-auto h-col-auto style-1230-outer style-local-3124-c10-outer\">\n            <div data-colibri-id=\"3124-c10\" class=\"d-flex h-flex-basis h-column__inner h-px-lg-2 h-px-md-2 h-px-2 v-inner-lg-2 v-inner-md-2 v-inner-2 style-1230 style-local-3124-c10 position-relative\">\n              <!---->\n              <!---->\n              <div class=\"w-100 h-y-container h-column__content h-column__v-align flex-basis-100 align-self-lg-start align-self-md-start align-self-start\">\n                <!---->\n                <div data-colibri-id=\"3124-c11\" class=\"h-global-transition-all h-heading style-1231 style-local-3124-c11 position-relative h-element\">\n                  <!---->\n                  <div class=\"h-heading__outer style-1231 style-local-3124-c11\">\n                    <!---->\n                    <!---->\n                    <h1 class=\"translation-block\">Wir \u00fcbernehmen das Biegen von Blechen bis zu einer St\u00e4rke von 8 mm, sei es in Kleinserien oder in gro\u00dfen Serien.<br><br>\nUnser Unternehmen verf\u00fcgt auch \u00fcber einen eigenen Werkzeugbau, in dem wir spezielle Stempel und Biegestempel f\u00fcr komplexe Teile herstellen.<\/h1>\n                  <\/div>\n                <\/div>\n              <\/div>\n            <\/div>\n          <\/div>\n        <\/div>\n      <\/div>\n    <\/div>\n  <\/div>\n  <div data-colibri-component=\"section\" data-colibri-id=\"3124-c16\" id=\"testo-servizio-preciso\" class=\"h-section h-section-global-spacing d-flex align-items-lg-center align-items-md-center align-items-center style-1236 style-local-3124-c16 position-relative\">\n    <!---->\n    <!---->\n    <div class=\"h-section-grid-container h-section-boxed-container\">\n      <!---->\n      <div data-colibri-id=\"3124-c17\" class=\"h-row-container gutters-row-lg-2 gutters-row-md-2 gutters-row-0 gutters-row-v-lg-2 gutters-row-v-md-2 gutters-row-v-2 style-1237 style-local-3124-c17 position-relative\">\n        <!---->\n        <div class=\"h-row justify-content-lg-center justify-content-md-center justify-content-center align-items-lg-stretch align-items-md-stretch align-items-stretch gutters-col-lg-2 gutters-col-md-2 gutters-col-0 gutters-col-v-lg-2 gutters-col-v-md-2 gutters-col-v-2\">\n          <!---->\n          <div class=\"h-column h-column-container d-flex h-col-lg-auto h-col-md-auto h-col-auto style-1238-outer style-local-3124-c18-outer\">\n            <div data-colibri-id=\"3124-c18\" class=\"d-flex h-flex-basis h-column__inner h-px-lg-2 h-px-md-2 h-px-2 v-inner-lg-2 v-inner-md-2 v-inner-2 style-1238 style-local-3124-c18 position-relative\">\n              <!---->\n              <!---->\n              <div class=\"w-100 h-y-container h-column__content h-column__v-align flex-basis-100 align-self-lg-start align-self-md-start align-self-start\">\n                <!---->\n                <div data-colibri-id=\"3124-c19\" class=\"h-global-transition-all h-heading style-1239 style-local-3124-c19 position-relative h-element\">\n                  <!---->\n                  <div class=\"h-heading__outer style-1239 style-local-3124-c19\">\n                    <!---->\n                    <!---->\n                    <h1 class=\"\">UNSER MASCHINENPARK VERF\u00dcGT AUCH \u00dcBER CNC-ABKANTPRESSEN, DIE NACH DEM LASERSCHNEIDEN ZUM BIEGEN DER VON UNS GELIEFERTEN TEILE VERWENDET WERDEN.<\/h1>\n                  <\/div>\n                <\/div>\n              <\/div>\n            <\/div>\n          <\/div>\n        <\/div>\n      <\/div>\n    <\/div>\n  <\/div>\n  <div data-colibri-component=\"section\" data-colibri-id=\"3124-c24\" id=\"preventivo\" class=\"h-section h-section-global-spacing d-flex align-items-lg-center align-items-md-center align-items-center style-1258 style-local-3124-c24 position-relative\">\n    <!---->\n    <!---->\n    <div class=\"h-section-grid-container h-section-fluid-container\">\n      <!---->\n      <div data-colibri-id=\"3124-c25\" class=\"h-row-container gutters-row-lg-2 gutters-row-md-2 gutters-row-0 gutters-row-v-lg-2 gutters-row-v-md-2 gutters-row-v-2 style-1259 style-local-3124-c25 position-relative\">\n        <!---->\n        <div class=\"h-row justify-content-lg-center justify-content-md-center justify-content-center align-items-lg-stretch align-items-md-stretch align-items-stretch gutters-col-lg-2 gutters-col-md-2 gutters-col-0 gutters-col-v-lg-2 gutters-col-v-md-2 gutters-col-v-2\">\n          <!---->\n          <div class=\"h-column h-column-container d-flex h-col-lg-auto h-col-md-auto h-col-auto style-1260-outer style-local-3124-c26-outer\">\n            <div data-colibri-id=\"3124-c26\" class=\"d-flex h-flex-basis h-column__inner h-px-lg-2 h-px-md-2 h-px-2 v-inner-lg-2 v-inner-md-2 v-inner-2 style-1260 style-local-3124-c26 position-relative\">\n              <!---->\n              <!---->\n              <div class=\"w-100 h-y-container h-column__content h-column__v-align flex-basis-100 align-self-lg-start align-self-md-start align-self-start\">\n                <!---->\n                <div data-colibri-component=\"content-swap\" data-colibri-id=\"3124-c27\" class=\"content-swap style-1261 style-local-3124-c27 position-relative h-element\">\n                  <!---->\n                  <div class=\"d-flex position-relative border-radius-inherit h-content-swap__overflow\">\n                    <div data-normal=\"\" data-colibri-id=\"3124-c28\" class=\"h-content-swap__normal d-flex border-radius-inherit hide-animation style-1262 style-local-3124-c28 position-relative\">\n                      <!---->\n                      <div class=\"w-100 h-y-container align-self-lg-center align-self-md-center align-self-center\">\n                        <!---->\n                        <div data-colibri-id=\"3124-c29\" class=\"h-row-container gutters-row-lg-2 gutters-row-md-2 gutters-row-0 gutters-row-v-lg-2 gutters-row-v-md-2 gutters-row-v-2 style-1263 style-local-3124-c29 position-relative\">\n                          <!---->\n                          <div class=\"h-row justify-content-lg-center justify-content-md-center justify-content-center align-items-lg-stretch align-items-md-stretch align-items-stretch gutters-col-lg-2 gutters-col-md-2 gutters-col-0 gutters-col-v-lg-2 gutters-col-v-md-2 gutters-col-v-2\">\n                            <!---->\n                            <div class=\"h-column h-column-container d-flex h-col-lg-auto h-col-md-auto h-col-auto style-1264-outer style-local-3124-c30-outer\">\n                              <div data-colibri-id=\"3124-c30\" class=\"d-flex h-flex-basis h-column__inner h-px-lg-2 h-px-md-2 h-px-2 v-inner-lg-2 v-inner-md-2 v-inner-2 style-1264 style-local-3124-c30 position-relative\">\n                                <!---->\n                                <!---->\n                                <div class=\"w-100 h-y-container h-column__content h-column__v-align flex-basis-100 align-self-lg-start align-self-md-start align-self-start\">\n                                  <!---->\n                                  <div data-colibri-id=\"3124-c31\" class=\"h-global-transition-all h-heading style-1265 style-local-3124-c31 position-relative h-element\">\n                                    <!---->\n                                    <div class=\"h-heading__outer style-1265 style-local-3124-c31\">\n                                      <!---->\n                                      <!---->\n                                      <h2 class=\"translation-block\">Unser  <br>Expertenteam steht  <br>Ihnen zur Verf\u00fcgung<\/h2>\n                                    <\/div>\n                                  <\/div>\n                                <\/div>\n                              <\/div>\n                            <\/div>\n                          <\/div>\n                        <\/div>\n                      <\/div>\n                    <\/div>\n                    <div data-hover=\"\" data-colibri-component=\"link\" data-href=\"\" data-colibri-id=\"3124-c32\" class=\"h-content-swap-hover-container animated h-content-swap__hover d-flex border-radius-inherit fadeIn justify-content-lg-center justify-content-md-center justify-content-center style-1266 style-local-3124-c32 position-relative\"\n                      style=\"display: none;\">\n                      <!---->\n                      <div class=\"w-100 h-y-container align-self-lg-center align-self-md-center align-self-center\">\n                        <!---->\n                        <div data-colibri-id=\"3124-c33\" class=\"h-x-container style-1267 style-local-3124-c33 position-relative h-element\">\n                          <!---->\n                          <div class=\"h-x-container-inner style-dynamic-3124-c33-group style-1267-spacing style-local-3124-c33-spacing\"><span class=\"h-button__outer style-1268-outer style-local-3124-c34-outer d-inline-flex h-element\"><a h-use-smooth-scroll=\"true\" href=\"https:\/\/www.errepibs.it\/deutsch\/contatti\/\"  data-colibri-id=\"3124-c34\" class=\"d-flex w-100 align-items-center h-button justify-content-lg-center justify-content-md-center justify-content-center style-1268 style-local-3124-c34 position-relative\"><!----><!----> <span>ein Angebot anfordern<\/span><\/a>\n                            <\/span>\n                          <\/div>\n                        <\/div>\n                      <\/div>\n                    <\/div>\n                  <\/div>\n                <\/div>\n              <\/div>\n            <\/div>\n          <\/div>\n        <\/div>\n      <\/div>\n    <\/div>\n  <\/div>\n  <div data-colibri-component=\"section\" data-colibri-id=\"3124-c39\" id=\"footer\" class=\"h-section h-section-global-spacing d-flex align-items-lg-center align-items-md-center align-items-center style-1273 style-local-3124-c39 position-relative\">\n    <!---->\n    <!---->\n    <div class=\"h-section-grid-container h-section-fluid-container\">\n      <!---->\n      <div data-colibri-id=\"3124-c40\" class=\"h-row-container gutters-row-lg-2 gutters-row-md-2 gutters-row-0 gutters-row-v-lg-2 gutters-row-v-md-2 gutters-row-v-2 style-1274 style-local-3124-c40 position-relative\">\n        <!---->\n        <div class=\"h-row justify-content-lg-center justify-content-md-center justify-content-center align-items-lg-stretch align-items-md-stretch align-items-stretch gutters-col-lg-2 gutters-col-md-2 gutters-col-0 gutters-col-v-lg-2 gutters-col-v-md-2 gutters-col-v-2\">\n          <!---->\n          <div class=\"h-column h-column-container d-flex h-col-lg-auto h-col-md-auto h-col-auto style-1275-outer style-local-3124-c41-outer\">\n            <div data-colibri-id=\"3124-c41\" class=\"d-flex h-flex-basis h-column__inner h-ui-empty-state-container h-px-lg-2 h-px-md-2 h-px-2 v-inner-lg-2 v-inner-md-2 v-inner-2 style-1275 style-local-3124-c41 position-relative\">\n              <!---->\n              <!---->\n              <div class=\"w-100 h-y-container h-column__content h-column__v-align flex-basis-100\">\n                <!---->\n              <\/div>\n            <\/div>\n          <\/div>\n          <div class=\"h-column h-column-container d-flex h-col-lg-auto h-col-md-auto h-col-auto style-1276-outer style-local-3124-c42-outer\">\n            <div data-colibri-id=\"3124-c42\" class=\"d-flex h-flex-basis h-column__inner h-px-lg-2 h-px-md-2 h-px-2 v-inner-lg-2 v-inner-md-2 v-inner-2 style-1276 style-local-3124-c42 position-relative\">\n              <!---->\n              <!---->\n              <div class=\"w-100 h-y-container h-column__content h-column__v-align flex-basis-100 align-self-lg-start align-self-md-start align-self-start\">\n                <!---->\n                <div data-colibri-id=\"3124-c43\" class=\"h-global-transition-all h-heading style-1277 style-local-3124-c43 position-relative h-element\">\n                  <!---->\n                  <div class=\"h-heading__outer style-1277 style-local-3124-c43\">\n                    <!---->\n                    <!---->\n                    <h5 class=\"\">LASERSCHNEIDEN\n                      <br>ERRE PI SRL<\/h5>\n                  <\/div>\n                <\/div>\n                <div data-colibri-id=\"3124-c44\" class=\"h-text h-text-component style-1278 style-local-3124-c44 position-relative h-element\">\n                  <!---->\n                  <!---->\n                  <div class=\"\">\n                    <p><span style=\"font-weight: 500; font-size: 16px; font-family: Archivo; color: rgb(255, 255, 255);\">Faserlaserschneiden, Blechschneiden und Kaltstanzen von Blechen.<\/span><\/p>\n                  <\/div>\n                <\/div>\n              <\/div>\n            <\/div>\n          <\/div>\n          <div class=\"h-column h-column-container d-flex h-col-lg-auto h-col-md-auto h-col-auto style-1279-outer style-local-3124-c45-outer\">\n            <div data-colibri-id=\"3124-c45\" class=\"d-flex h-flex-basis h-column__inner h-ui-empty-state-container h-px-lg-2 h-px-md-2 h-px-2 v-inner-lg-2 v-inner-md-2 v-inner-2 style-1279 style-local-3124-c45 position-relative\">\n              <!---->\n              <!---->\n              <div class=\"w-100 h-y-container h-column__content h-column__v-align flex-basis-100\">\n                <!---->\n              <\/div>\n            <\/div>\n          <\/div>\n          <div class=\"h-column h-column-container d-flex h-col-lg-auto h-col-md-auto h-col-auto style-1280-outer style-local-3124-c46-outer\">\n            <div data-colibri-id=\"3124-c46\" class=\"d-flex h-flex-basis h-column__inner h-px-lg-2 h-px-md-2 h-px-2 v-inner-lg-2 v-inner-md-2 v-inner-2 style-1280 style-local-3124-c46 position-relative\">\n              <!---->\n              <!---->\n              <div class=\"w-100 h-y-container h-column__content h-column__v-align flex-basis-100 align-self-lg-start align-self-md-start align-self-start\">\n                <!---->\n                <div data-colibri-id=\"3124-c47\" class=\"h-global-transition-all h-heading style-1277 style-local-3124-c47 position-relative h-element\">\n                  <!---->\n                  <div class=\"h-heading__outer style-1277 style-local-3124-c47\">\n                    <!---->\n                    <!---->\n                    <h5 class=\"\">Blechzuschnitt\n                      <br>STANZEN VON BLECH<\/h5>\n                  <\/div>\n                <\/div>\n                <div data-colibri-id=\"3124-c48\" class=\"h-text h-text-component style-1281 style-local-3124-c48 position-relative h-element\">\n                  <!---->\n                  <!---->\n                  <div class=\"\">\n                    <p>Address  Brescia, 269,<\/p>\n                    <p>25075 Nave BS Italia<\/p>\n                    <p>P.iva: 00361390172<\/p>\n                  <\/div>\n                <\/div>\n              <\/div>\n            <\/div>\n          <\/div>\n          <div class=\"h-column h-column-container d-flex h-col-lg-auto h-col-md-auto h-col-auto style-1282-outer style-local-3124-c49-outer\">\n            <div data-colibri-id=\"3124-c49\" class=\"d-flex h-flex-basis h-column__inner h-px-lg-2 h-px-md-2 h-px-2 v-inner-lg-2 v-inner-md-2 v-inner-2 style-1282 style-local-3124-c49 position-relative\">\n              <!---->\n              <!---->\n              <div class=\"w-100 h-y-container h-column__content h-column__v-align flex-basis-100 align-self-lg-start align-self-md-start align-self-start\">\n                <!---->\n                <div data-colibri-id=\"3124-c50\" class=\"h-global-transition-all h-heading style-1277 style-local-3124-c50 position-relative h-element\">\n                  <!---->\n                  <div class=\"h-heading__outer style-1277 style-local-3124-c50\">\n                    <!---->\n                    <!---->\n                    <h5 class=\"\">Kontact<\/h5>\n                  <\/div>\n                <\/div>\n                <div data-colibri-id=\"3124-c51\" class=\"h-text h-text-component style-1283 style-local-3124-c51 position-relative h-element\">\n                  <!---->\n                  <!---->\n                  <div class=\"\">\n                    <p>Phone: +390302530362<\/p>\n                    <p>Fax: +390302532028<\/p>\n                    <p>Mail: errepibs@errepibs.com\n                      <br>\n                    <\/p>\n                  <\/div>\n                <\/div>\n              <\/div>\n            <\/div>\n          <\/div>\n        <\/div>\n      <\/div>\n    <\/div>\n  <\/div>\n  <div data-colibri-component=\"section\" data-colibri-id=\"3124-c56\" id=\"credits\" class=\"h-section h-section-global-spacing d-flex align-items-lg-center align-items-md-center align-items-center style-1288 style-local-3124-c56 position-relative\">\n    <!---->\n    <!---->\n    <div class=\"h-section-grid-container h-section-fluid-container\">\n      <!---->\n      <div data-colibri-id=\"3124-c57\" class=\"h-row-container gutters-row-lg-0 gutters-row-md-0 gutters-row-0 gutters-row-v-lg-0 gutters-row-v-md-0 gutters-row-v-0 style-1289 style-local-3124-c57 position-relative\">\n        <!---->\n        <div class=\"h-row justify-content-lg-center justify-content-md-center justify-content-center align-items-lg-stretch align-items-md-stretch align-items-stretch gutters-col-lg-0 gutters-col-md-0 gutters-col-0 gutters-col-v-lg-0 gutters-col-v-md-0 gutters-col-v-0\">\n          <!---->\n          <div class=\"h-column h-column-container d-flex h-col-lg-auto h-col-md-auto h-col-auto style-1290-outer style-local-3124-c58-outer\">\n            <div data-colibri-id=\"3124-c58\" class=\"d-flex h-flex-basis h-column__inner h-px-lg-1 h-px-md-1 h-px-1 v-inner-lg-1 v-inner-md-1 v-inner-1 style-1290 style-local-3124-c58 position-relative\">\n              <!---->\n              <!---->\n              <div class=\"w-100 h-y-container h-column__content h-column__v-align flex-basis-100 align-self-lg-start align-self-md-start align-self-start\">\n                <!---->\n                <div data-colibri-id=\"3124-c59\" class=\"h-text h-text-component style-1291 style-local-3124-c59 position-relative h-element\">\n                  <!---->\n                  <!---->\n                  <div class=\"\">\n                    <p><span style=\"font-weight: 400; font-size: 16px; font-family: Archivo; color: rgb(82, 88, 93);\">\u00a9 Erre pi srl Taglio Laser&nbsp;Tranciatura Lamiera e Stampaggio Lamiera Brescia&nbsp;<\/span><strong style=\"font-size: 16px; font-family: Archivo; color: rgb(82, 88, 93);\">|&nbsp;<\/strong>\n                      <span\n                        style=\"font-size: 16px; font-family: Archivo; color: rgb(82, 88, 93); font-weight: 400;\">Powered by<\/span><strong style=\"font-size: 16px; font-family: Archivo; color: rgb(82, 88, 93);\">&nbsp;<\/strong>\n                        <a href=\"https:\/\/www.seaweb.biz\" style=\"font-size: 16px; font-family: &quot;Open Sans&quot;; color: rgb(0, 102, 204); font-weight: 400;\"><strong>Seaweb.biz<\/strong><\/a>\n                    <\/p>\n                  <\/div>\n                <\/div>\n              <\/div>\n            <\/div>\n          <\/div>\n          <div class=\"h-column h-column-container d-flex h-col-lg-auto h-col-md-auto h-col-auto style-1292-outer style-local-3124-c60-outer\">\n            <div data-colibri-id=\"3124-c60\" class=\"d-flex h-flex-basis h-column__inner h-ui-empty-state-container h-px-lg-1 h-px-md-1 h-px-1 v-inner-lg-1 v-inner-md-1 v-inner-1 style-1292 style-local-3124-c60 position-relative\">\n              <!---->\n              <!---->\n              <div class=\"w-100 h-y-container h-column__content h-column__v-align flex-basis-100\">\n                <!---->\n              <\/div>\n            <\/div>\n          <\/div>\n        <\/div>\n      <\/div>\n    <\/div>\n  <\/div>\n<\/div>","protected":false},"excerpt":{"rendered":"<p>PIEGATURA METALLI PIEGATURA DI PARTICOLARI IN LAMIERA Ci occupiamo della piegatura di lamiere fino a 8mm che si tratti in piccoli lotti o in grandi serie. La nostra azienda dispone anche di un\u2019attrezzeria interna che utilizziamo per costruire punzoni e matrici speciali per la piegatura di particolari anche molto complicati. Il nostro parco macchine dispone [&hellip;]<\/p>","protected":false},"author":3,"featured_media":0,"parent":3095,"menu_order":3,"comment_status":"closed","ping_status":"closed","template":"page-templates\/full-width-page.php","meta":{"footnotes":""},"class_list":["post-3124","page","type-page","status-publish","hentry"],"aioseo_notices":[],"_links":{"self":[{"href":"https:\/\/www.errepibs.it\/deutsch\/wp-json\/wp\/v2\/pages\/3124","targetHints":{"allow":["GET"]}}],"collection":[{"href":"https:\/\/www.errepibs.it\/deutsch\/wp-json\/wp\/v2\/pages"}],"about":[{"href":"https:\/\/www.errepibs.it\/deutsch\/wp-json\/wp\/v2\/types\/page"}],"author":[{"embeddable":true,"href":"https:\/\/www.errepibs.it\/deutsch\/wp-json\/wp\/v2\/users\/3"}],"replies":[{"embeddable":true,"href":"https:\/\/www.errepibs.it\/deutsch\/wp-json\/wp\/v2\/comments?post=3124"}],"version-history":[{"count":11,"href":"https:\/\/www.errepibs.it\/deutsch\/wp-json\/wp\/v2\/pages\/3124\/revisions"}],"predecessor-version":[{"id":4732,"href":"https:\/\/www.errepibs.it\/deutsch\/wp-json\/wp\/v2\/pages\/3124\/revisions\/4732"}],"up":[{"embeddable":true,"href":"https:\/\/www.errepibs.it\/deutsch\/wp-json\/wp\/v2\/pages\/3095"}],"wp:attachment":[{"href":"https:\/\/www.errepibs.it\/deutsch\/wp-json\/wp\/v2\/media?parent=3124"}],"curies":[{"name":"wp","href":"https:\/\/api.w.org\/{rel}","templated":true}]}}